{"id":7,"date":"2018-08-24T14:14:23","date_gmt":"2018-08-24T14:14:23","guid":{"rendered":"http:\/\/marion-frei.com\/?page_id=7"},"modified":"2018-11-08T08:32:25","modified_gmt":"2018-11-08T08:32:25","slug":"kunstwerke","status":"publish","type":"page","link":"https:\/\/www.marion-frei.de\/","title":{"rendered":"Marion Frei | Ein Leben f\u00fcr die Kunst"},"content":{"rendered":"<h2 style=\"text-align: center;\"><span style=\"font-size: 36pt;\"><strong><span style=\"font-family: 'book antiqua', palatino, serif;\">Lebenslauf<\/span><\/strong><\/span><\/h2>\n<p><span style=\"font-size: 14pt;\">Geb.: 1944 in Mei\u00dfen, aufgewachsen in Berlin, gestorben 2017 in Bonn.<\/span><br \/>\n<span style=\"font-size: 14pt;\">Sie wohnte und arbeitete in Bonn, Bad M\u00fcnstereifel und Dana Point (USA).<\/span><\/p>\n<p><span style=\"font-size: 18pt;\">Arbeitstechniken<br \/>\n<\/span><span style=\"font-size: 14pt;\">Zeichnung, Pastell, Aquarell, Gouache, Frottage, Acryl und \u00d6l<\/span><\/p>\n<p><span style=\"font-size: 18pt;\">Themenschwerpunkte<br \/>\n<\/span><span style=\"font-size: 14pt;\">\u201eNeue Bilder-Akte\u201c- , \u201eLichtfelder-Horizonte\u201c, \u201eLandschaften-Meer\u201c, \u00a0\u201eMensch und Tanz\u201c<\/span><\/p>\n<p><span style=\"font-size: 18pt;\">Aus- und Weiterbildung<br \/>\n<\/span><\/p>\n<ul>\n<li><span style=\"font-size: 14pt;\">Kunstpraktisches Studium am Studio f\u00fcr Kunsterziehung der Universit\u00e4t Bonn<\/span><\/li>\n<li><span style=\"font-size: 14pt;\">Studium der Kunstwissenschaft an der staatlichen Kunstakademie D\u00fcsseldorf<\/span><\/li>\n<li><span style=\"font-size: 14pt;\">Weiterbildung bei und Zusammenarbeit mit Prof. G.H. Blecks<\/span><\/li>\n<li><span style=\"font-size: 14pt;\">Seit 1984 freie K\u00fcnstlerin<\/span><\/li>\n<\/ul>\n<p><span style=\"font-size: 17.5pt;\">Ausstellungen und Sammlungen in<br \/>\n<\/span><span style=\"font-size: 11.5pt;\">Bad Godesberg (Redoute), Bad M\u00fcnstereifel, Berlin, Bonn (Frauenmuseum, G\u00e4rtnerhaus), Buffalo (USA), Dana Point (USA), D\u00fcsseldorf, Hollywood (USA), K\u00f6ln, L\u00fcbeck, Malta (Museum of fine Arts\/ Society of Arts, manucture and commerce),\u00a0 Michelstadt (Odenwaldmuseum), M\u00fcnchen, Sunnyvale (USA). Sylt, Tampas (USA), Venedig, Windeck, Worms u.a.<\/span><\/p>\n<hr \/>\n<p>&nbsp;<\/p>\n<p>&nbsp;<\/p>\n<h2 style=\"text-align: center;\"><span style=\"font-size: 36pt;\"><strong><span style=\"font-family: 'book antiqua', palatino, serif;\">Kunstwerke<\/span><\/strong><\/span><\/h2>\n<p><img loading=\"lazy\" decoding=\"async\" class=\"aligncenter wp-image-39 size-large\" src=\"http:\/\/www.marion-frei.de\/wp-content\/uploads\/2018\/10\/IMGP8865-1024x1020.jpg\" alt=\"\" width=\"1024\" height=\"1020\" srcset=\"https:\/\/www.marion-frei.de\/wp-content\/uploads\/2018\/10\/IMGP8865-1024x1020.jpg 1024w, https:\/\/www.marion-frei.de\/wp-content\/uploads\/2018\/10\/IMGP8865-150x150.jpg 150w, https:\/\/www.marion-frei.de\/wp-content\/uploads\/2018\/10\/IMGP8865-300x300.jpg 300w, https:\/\/www.marion-frei.de\/wp-content\/uploads\/2018\/10\/IMGP8865-768x765.jpg 768w\" sizes=\"auto, (max-width: 1024px) 100vw, 1024px\" \/><\/p>\n<p><img loading=\"lazy\" decoding=\"async\" class=\"wp-image-11 aligncenter\" src=\"http:\/\/marion-frei.com\/wp-content\/uploads\/2018\/08\/597483-300x200.jpg\" alt=\"\" width=\"686\" height=\"457\" \/><\/p>\n<p style=\"text-align: center;\"><span style=\"font-family: book antiqua, palatino, serif;\">Spitzentanz II<\/span><\/p>\n<p style=\"text-align: center;\">Acryl auf Leinwand (80cm x 80cm)<\/p>\n<hr \/>\n<p><img loading=\"lazy\" decoding=\"async\" class=\"aligncenter wp-image-38 size-large\" src=\"http:\/\/www.marion-frei.de\/wp-content\/uploads\/2018\/10\/IMGP8864-1024x985.jpg\" alt=\"\" width=\"1024\" height=\"985\" srcset=\"https:\/\/www.marion-frei.de\/wp-content\/uploads\/2018\/10\/IMGP8864-1024x985.jpg 1024w, https:\/\/www.marion-frei.de\/wp-content\/uploads\/2018\/10\/IMGP8864-300x288.jpg 300w, https:\/\/www.marion-frei.de\/wp-content\/uploads\/2018\/10\/IMGP8864-768x738.jpg 768w\" sizes=\"auto, (max-width: 1024px) 100vw, 1024px\" \/><\/p>\n<p>&nbsp;<\/p>\n<p style=\"text-align: center;\"><span style=\"font-family: book antiqua, palatino, serif;\">Spitzentanz I<\/span><\/p>\n<p style=\"text-align: center;\">Acryl auf Leinwand (80cm x 80cm)<\/p>\n<hr \/>\n<h2 style=\"text-align: center;\"><\/h2>\n<p><img loading=\"lazy\" decoding=\"async\" class=\"wp-image-11 aligncenter\" src=\"http:\/\/marion-frei.com\/wp-content\/uploads\/2018\/08\/597483-300x200.jpg\" alt=\"\" width=\"686\" height=\"457\" \/><\/p>\n<p><img loading=\"lazy\" decoding=\"async\" class=\"size-large wp-image-37 aligncenter\" src=\"http:\/\/www.marion-frei.de\/wp-content\/uploads\/2018\/10\/IMGP8863-1021x1024.jpg\" alt=\"\" width=\"1021\" height=\"1024\" srcset=\"https:\/\/www.marion-frei.de\/wp-content\/uploads\/2018\/10\/IMGP8863-1021x1024.jpg 1021w, https:\/\/www.marion-frei.de\/wp-content\/uploads\/2018\/10\/IMGP8863-150x150.jpg 150w, https:\/\/www.marion-frei.de\/wp-content\/uploads\/2018\/10\/IMGP8863-300x300.jpg 300w, https:\/\/www.marion-frei.de\/wp-content\/uploads\/2018\/10\/IMGP8863-768x770.jpg 768w\" sizes=\"auto, (max-width: 1021px) 100vw, 1021px\" \/><\/p>\n<p style=\"text-align: center;\"><span style=\"font-family: book antiqua, palatino, serif;\">Spitzentanz I<\/span><\/p>\n<p style=\"text-align: center;\">Acryl auf Leinwand (80cm x 80cm)<\/p>\n<hr \/>\n<p><img loading=\"lazy\" decoding=\"async\" class=\"aligncenter size-large wp-image-36\" src=\"http:\/\/www.marion-frei.de\/wp-content\/uploads\/2018\/10\/IMGP8862-1024x1024.jpg\" alt=\"\" width=\"1024\" height=\"1024\" srcset=\"https:\/\/www.marion-frei.de\/wp-content\/uploads\/2018\/10\/IMGP8862-1024x1024.jpg 1024w, https:\/\/www.marion-frei.de\/wp-content\/uploads\/2018\/10\/IMGP8862-150x150.jpg 150w, https:\/\/www.marion-frei.de\/wp-content\/uploads\/2018\/10\/IMGP8862-300x300.jpg 300w, https:\/\/www.marion-frei.de\/wp-content\/uploads\/2018\/10\/IMGP8862-768x768.jpg 768w\" sizes=\"auto, (max-width: 1024px) 100vw, 1024px\" \/><\/p>\n<p style=\"text-align: center;\"><span style=\"font-family: book antiqua, palatino, serif;\">Spitzentanz II<\/span><\/p>\n<p style=\"text-align: center;\">Acryl auf Leinwand (80cm x 80cm)<\/p>\n<hr \/>\n<h2 style=\"text-align: center;\"><img loading=\"lazy\" decoding=\"async\" class=\"aligncenter size-large wp-image-35\" src=\"http:\/\/www.marion-frei.de\/wp-content\/uploads\/2018\/10\/IMGP8861-1024x998.jpg\" alt=\"\" width=\"1024\" height=\"998\" srcset=\"https:\/\/www.marion-frei.de\/wp-content\/uploads\/2018\/10\/IMGP8861-1024x998.jpg 1024w, https:\/\/www.marion-frei.de\/wp-content\/uploads\/2018\/10\/IMGP8861-300x292.jpg 300w, https:\/\/www.marion-frei.de\/wp-content\/uploads\/2018\/10\/IMGP8861-768x749.jpg 768w\" sizes=\"auto, (max-width: 1024px) 100vw, 1024px\" \/><\/h2>\n<p><img loading=\"lazy\" decoding=\"async\" class=\"wp-image-11 aligncenter\" src=\"http:\/\/marion-frei.com\/wp-content\/uploads\/2018\/08\/597483-300x200.jpg\" alt=\"\" width=\"686\" height=\"457\" \/><\/p>\n<p style=\"text-align: center;\"><span style=\"font-family: book antiqua, palatino, serif;\">Spitzentanz II<\/span><\/p>\n<p style=\"text-align: center;\">Acryl auf Leinwand (80cm x 80cm)<\/p>\n<hr \/>\n<p><img loading=\"lazy\" decoding=\"async\" class=\"aligncenter size-large wp-image-34\" src=\"http:\/\/www.marion-frei.de\/wp-content\/uploads\/2018\/10\/IMGP8860-1024x1013.jpg\" alt=\"\" width=\"1024\" height=\"1013\" srcset=\"https:\/\/www.marion-frei.de\/wp-content\/uploads\/2018\/10\/IMGP8860-1024x1013.jpg 1024w, https:\/\/www.marion-frei.de\/wp-content\/uploads\/2018\/10\/IMGP8860-300x297.jpg 300w, https:\/\/www.marion-frei.de\/wp-content\/uploads\/2018\/10\/IMGP8860-768x759.jpg 768w\" sizes=\"auto, (max-width: 1024px) 100vw, 1024px\" \/><\/p>\n<p style=\"text-align: center;\"><span style=\"font-family: book antiqua, palatino, serif;\">Spitzentanz II<\/span><\/p>\n<p style=\"text-align: center;\">Acryl auf Leinwand (60cm x 60cm)<\/p>\n<hr \/>\n<h2 style=\"text-align: center;\"><img loading=\"lazy\" decoding=\"async\" class=\"aligncenter size-large wp-image-33\" src=\"http:\/\/www.marion-frei.de\/wp-content\/uploads\/2018\/10\/IMGP8859-1024x1001.jpg\" alt=\"\" width=\"1024\" height=\"1001\" srcset=\"https:\/\/www.marion-frei.de\/wp-content\/uploads\/2018\/10\/IMGP8859-1024x1001.jpg 1024w, https:\/\/www.marion-frei.de\/wp-content\/uploads\/2018\/10\/IMGP8859-300x293.jpg 300w, https:\/\/www.marion-frei.de\/wp-content\/uploads\/2018\/10\/IMGP8859-768x751.jpg 768w\" sizes=\"auto, (max-width: 1024px) 100vw, 1024px\" \/><\/h2>\n<p><img loading=\"lazy\" decoding=\"async\" class=\"wp-image-11 aligncenter\" src=\"http:\/\/marion-frei.com\/wp-content\/uploads\/2018\/08\/597483-300x200.jpg\" alt=\"\" width=\"686\" height=\"457\" \/><\/p>\n<p style=\"text-align: center;\"><span style=\"font-family: book antiqua, palatino, serif;\">Spitzentanz II<\/span><\/p>\n<p style=\"text-align: center;\">Acryl auf Leinwand (80cm x 80cm)<\/p>\n<hr \/>\n<p><img loading=\"lazy\" decoding=\"async\" class=\"aligncenter size-large wp-image-32\" src=\"http:\/\/www.marion-frei.de\/wp-content\/uploads\/2018\/10\/IMGP8858-1024x1012.jpg\" alt=\"\" width=\"1024\" height=\"1012\" srcset=\"https:\/\/www.marion-frei.de\/wp-content\/uploads\/2018\/10\/IMGP8858-1024x1012.jpg 1024w, https:\/\/www.marion-frei.de\/wp-content\/uploads\/2018\/10\/IMGP8858-300x296.jpg 300w, https:\/\/www.marion-frei.de\/wp-content\/uploads\/2018\/10\/IMGP8858-768x759.jpg 768w\" sizes=\"auto, (max-width: 1024px) 100vw, 1024px\" \/><\/p>\n<p style=\"text-align: center;\"><span style=\"font-family: book antiqua, palatino, serif;\">Spitzentanz II<\/span><\/p>\n<p style=\"text-align: center;\">Acryl auf Leinwand (80cm x 80cm)<\/p>\n<hr \/>\n<p>&nbsp;<\/p>\n<p><img loading=\"lazy\" decoding=\"async\" class=\"aligncenter size-large wp-image-31\" src=\"http:\/\/www.marion-frei.de\/wp-content\/uploads\/2018\/10\/IMGP8857-780x1024.jpg\" alt=\"\" width=\"780\" height=\"1024\" srcset=\"https:\/\/www.marion-frei.de\/wp-content\/uploads\/2018\/10\/IMGP8857-780x1024.jpg 780w, https:\/\/www.marion-frei.de\/wp-content\/uploads\/2018\/10\/IMGP8857-229x300.jpg 229w, https:\/\/www.marion-frei.de\/wp-content\/uploads\/2018\/10\/IMGP8857-768x1008.jpg 768w\" sizes=\"auto, (max-width: 780px) 100vw, 780px\" \/><\/p>\n<p style=\"text-align: center;\"><span style=\"font-family: book antiqua, palatino, serif;\">Spitzentanz I<\/span><\/p>\n<p style=\"text-align: center;\">Acryl auf Leinwand (60cm x 80cm)<\/p>\n<hr \/>\n<p>&nbsp;<\/p>\n<p><img loading=\"lazy\" decoding=\"async\" class=\"aligncenter size-large wp-image-30\" src=\"http:\/\/www.marion-frei.de\/wp-content\/uploads\/2018\/10\/IMGP8856-1024x1003.jpg\" alt=\"\" width=\"1024\" height=\"1003\" srcset=\"https:\/\/www.marion-frei.de\/wp-content\/uploads\/2018\/10\/IMGP8856-1024x1003.jpg 1024w, https:\/\/www.marion-frei.de\/wp-content\/uploads\/2018\/10\/IMGP8856-300x294.jpg 300w, https:\/\/www.marion-frei.de\/wp-content\/uploads\/2018\/10\/IMGP8856-768x752.jpg 768w\" sizes=\"auto, (max-width: 1024px) 100vw, 1024px\" \/><\/p>\n<p style=\"text-align: center;\"><span style=\"font-family: book antiqua, palatino, serif;\">Spitzentanz I<\/span><\/p>\n<p style=\"text-align: center;\">Acryl auf Leinwand (80cm x 80cm)<\/p>\n<hr \/>\n<p>&nbsp;<\/p>\n<p><img loading=\"lazy\" decoding=\"async\" class=\"aligncenter size-large wp-image-29\" src=\"http:\/\/www.marion-frei.de\/wp-content\/uploads\/2018\/10\/IMGP8855-1015x1024.jpg\" alt=\"\" width=\"1015\" height=\"1024\" srcset=\"https:\/\/www.marion-frei.de\/wp-content\/uploads\/2018\/10\/IMGP8855-1015x1024.jpg 1015w, https:\/\/www.marion-frei.de\/wp-content\/uploads\/2018\/10\/IMGP8855-150x150.jpg 150w, https:\/\/www.marion-frei.de\/wp-content\/uploads\/2018\/10\/IMGP8855-297x300.jpg 297w, https:\/\/www.marion-frei.de\/wp-content\/uploads\/2018\/10\/IMGP8855-768x775.jpg 768w\" sizes=\"auto, (max-width: 1015px) 100vw, 1015px\" \/><\/p>\n<p style=\"text-align: center;\"><span style=\"font-family: book antiqua, palatino, serif;\">Spitzentanz II<\/span><\/p>\n<p style=\"text-align: center;\">Acryl auf Leinwand (80cm x 80cm)<\/p>\n<hr \/>\n<p>&nbsp;<\/p>\n<p>&nbsp;<\/p>\n<p><img loading=\"lazy\" decoding=\"async\" class=\"aligncenter size-large wp-image-28\" src=\"http:\/\/www.marion-frei.de\/wp-content\/uploads\/2018\/10\/IMGP8854-1020x1024.jpg\" alt=\"\" width=\"1020\" height=\"1024\" srcset=\"https:\/\/www.marion-frei.de\/wp-content\/uploads\/2018\/10\/IMGP8854-1020x1024.jpg 1020w, https:\/\/www.marion-frei.de\/wp-content\/uploads\/2018\/10\/IMGP8854-150x150.jpg 150w, https:\/\/www.marion-frei.de\/wp-content\/uploads\/2018\/10\/IMGP8854-300x300.jpg 300w, https:\/\/www.marion-frei.de\/wp-content\/uploads\/2018\/10\/IMGP8854-768x771.jpg 768w\" sizes=\"auto, (max-width: 1020px) 100vw, 1020px\" \/><\/p>\n<p style=\"text-align: center;\"><span style=\"font-family: book antiqua, palatino, serif;\">Spitzentanz II<\/span><\/p>\n<p style=\"text-align: center;\">Acryl auf Leinwand (80cm x 80cm)<\/p>\n<hr \/>\n<p>&nbsp;<\/p>\n<p>&nbsp;<\/p>\n<p><img loading=\"lazy\" decoding=\"async\" class=\"aligncenter size-large wp-image-27\" src=\"http:\/\/www.marion-frei.de\/wp-content\/uploads\/2018\/10\/IMGP8853-782x1024.jpg\" alt=\"\" width=\"782\" height=\"1024\" srcset=\"https:\/\/www.marion-frei.de\/wp-content\/uploads\/2018\/10\/IMGP8853-782x1024.jpg 782w, https:\/\/www.marion-frei.de\/wp-content\/uploads\/2018\/10\/IMGP8853-229x300.jpg 229w, https:\/\/www.marion-frei.de\/wp-content\/uploads\/2018\/10\/IMGP8853-768x1005.jpg 768w\" sizes=\"auto, (max-width: 782px) 100vw, 782px\" \/><\/p>\n<p style=\"text-align: center;\"><span style=\"font-family: book antiqua, palatino, serif;\">Spitzentanz I<\/span><\/p>\n<p style=\"text-align: center;\">Acryl auf Leinwand (80cm x 60cm)<\/p>\n","protected":false},"excerpt":{"rendered":"<p>Lebenslauf Geb.: 1944 in Mei\u00dfen, aufgewachsen in Berlin, gestorben 2017 in Bonn. Sie wohnte und arbeitete in Bonn, Bad M\u00fcnstereifel und Dana Point (USA). Arbeitstechniken Zeichnung, Pastell, Aquarell, Gouache, Frottage, Acryl und \u00d6l Themenschwerpunkte \u201eNeue Bilder-Akte\u201c- , \u201eLichtfelder-Horizonte\u201c, \u201eLandschaften-Meer\u201c, \u00a0\u201eMensch und Tanz\u201c Aus- und Weiterbildung Kunstpraktisches Studium am Studio f\u00fcr Kunsterziehung der Universit\u00e4t Bonn Studium [&hellip;]<\/p>\n","protected":false},"author":1,"featured_media":0,"parent":0,"menu_order":0,"comment_status":"closed","ping_status":"closed","template":"","meta":{"footnotes":""},"class_list":["post-7","page","type-page","status-publish","hentry"],"jetpack_sharing_enabled":true,"_links":{"self":[{"href":"https:\/\/www.marion-frei.de\/index.php?rest_route=\/wp\/v2\/pages\/7","targetHints":{"allow":["GET"]}}],"collection":[{"href":"https:\/\/www.marion-frei.de\/index.php?rest_route=\/wp\/v2\/pages"}],"about":[{"href":"https:\/\/www.marion-frei.de\/index.php?rest_route=\/wp\/v2\/types\/page"}],"author":[{"embeddable":true,"href":"https:\/\/www.marion-frei.de\/index.php?rest_route=\/wp\/v2\/users\/1"}],"replies":[{"embeddable":true,"href":"https:\/\/www.marion-frei.de\/index.php?rest_route=%2Fwp%2Fv2%2Fcomments&post=7"}],"version-history":[{"count":18,"href":"https:\/\/www.marion-frei.de\/index.php?rest_route=\/wp\/v2\/pages\/7\/revisions"}],"predecessor-version":[{"id":43,"href":"https:\/\/www.marion-frei.de\/index.php?rest_route=\/wp\/v2\/pages\/7\/revisions\/43"}],"wp:attachment":[{"href":"https:\/\/www.marion-frei.de\/index.php?rest_route=%2Fwp%2Fv2%2Fmedia&parent=7"}],"curies":[{"name":"wp","href":"https:\/\/api.w.org\/{rel}","templated":true}]}}